{"id":45,"date":"2008-08-04T12:12:36","date_gmt":"2008-08-04T19:12:36","guid":{"rendered":"http:\/\/www.handersonfrota.com.br\/trincheira\/?page_id=45"},"modified":"2009-02-24T08:06:17","modified_gmt":"2009-02-24T15:06:17","slug":"frases-sobre-a-guerra","status":"publish","type":"page","link":"https:\/\/www.handersonfrota.com.br\/trincheira\/frases-sobre-a-guerra\/","title":{"rendered":"Frases sobre a Guerra"},"content":{"rendered":"<p>Aqui est\u00e3o algumas frases j\u00e1 postadas neste blog, pra refletir.<\/p>\n<blockquote><p>\u201cTodos os homens buscam a felicidade. E n\u00e3o h\u00e1 exce\u00e7\u00e3o. Independentemente dos diversos meios que empregam, o fim \u00e9 o mesmo. O que leva um homem a lan\u00e7ar-se \u00e0 guerra e outros a evit\u00e1-la \u00e9 o mesmo desejo, embora revestido de vis\u00f5es diferentes. O desejo s\u00f3 d\u00e1 o \u00faltimo passo com este fim. \u00c9 isto que motiva as a\u00e7\u00f5es de todos os homens, mesmo dos que tiram a pr\u00f3pria vida. \u201d<br \/>\n( Blaise Pascal )<\/p><\/blockquote>\n<blockquote><p>&#8220;Somente aqueles que nunca deram um tiro, nem ouviram os gritos e os gemidos dos feridos, \u00e9 que clamam por sangue, vingan\u00e7a e mais desola\u00e7\u00e3o. A guerra \u00e9 o inferno.&#8221;<br \/>\n( Gen. William T. Sherman )<\/p><\/blockquote>\n<blockquote><p>&#8220;A maneira mais r\u00e1pida de acabar com uma guerra \u00e9 perd\u00ea-la. &#8221;<br \/>\n( George Orwell )<\/p><\/blockquote>\n<blockquote><p>&#8220;O patriotismo \u00e9 o ovo das guerras.&#8221; ( Guy de Maupassant )<\/p><\/blockquote>\n","protected":false},"excerpt":{"rendered":"<p>Aqui est\u00e3o algumas frases j\u00e1 postadas neste blog, pra refletir. \u201cTodos os homens buscam a felicidade. E n\u00e3o h\u00e1 exce\u00e7\u00e3o. Independentemente dos diversos meios que empregam, o fim \u00e9 o mesmo. O que leva um homem a lan\u00e7ar-se \u00e0 guerra e outros a evit\u00e1-la \u00e9 o mesmo desejo, embora revestido de vis\u00f5es diferentes. O desejo [&hellip;]<\/p>\n","protected":false},"author":2,"featured_media":0,"parent":0,"menu_order":0,"comment_status":"open","ping_status":"open","template":"","meta":{"footnotes":""},"class_list":["post-45","page","type-page","status-publish","hentry"],"_links":{"self":[{"href":"https:\/\/www.handersonfrota.com.br\/trincheira\/wp-json\/wp\/v2\/pages\/45","targetHints":{"allow":["GET"]}}],"collection":[{"href":"https:\/\/www.handersonfrota.com.br\/trincheira\/wp-json\/wp\/v2\/pages"}],"about":[{"href":"https:\/\/www.handersonfrota.com.br\/trincheira\/wp-json\/wp\/v2\/types\/page"}],"author":[{"embeddable":true,"href":"https:\/\/www.handersonfrota.com.br\/trincheira\/wp-json\/wp\/v2\/users\/2"}],"replies":[{"embeddable":true,"href":"https:\/\/www.handersonfrota.com.br\/trincheira\/wp-json\/wp\/v2\/comments?post=45"}],"version-history":[{"count":6,"href":"https:\/\/www.handersonfrota.com.br\/trincheira\/wp-json\/wp\/v2\/pages\/45\/revisions"}],"predecessor-version":[{"id":202,"href":"https:\/\/www.handersonfrota.com.br\/trincheira\/wp-json\/wp\/v2\/pages\/45\/revisions\/202"}],"wp:attachment":[{"href":"https:\/\/www.handersonfrota.com.br\/trincheira\/wp-json\/wp\/v2\/media?parent=45"}],"curies":[{"name":"wp","href":"https:\/\/api.w.org\/{rel}","templated":true}]}}