{"id":355,"date":"2011-12-15T11:59:29","date_gmt":"2011-12-15T18:59:29","guid":{"rendered":"http:\/\/www.handersonfrota.com.br\/trincheira\/?page_id=355"},"modified":"2013-07-30T07:27:56","modified_gmt":"2013-07-30T14:27:56","slug":"filmes","status":"publish","type":"page","link":"https:\/\/www.handersonfrota.com.br\/trincheira\/filmes\/","title":{"rendered":"Filmes"},"content":{"rendered":"<p>Alguns  <a class=\"bbli\"  href=\"http:\/\/sledge.boo-box.com\/list\/page\/Z3VlcnJhJTJDK21vdmllc18jI19iYXJfIyNfdGFnZ2luZy10b29sLXdwXyMjXzE2NDM2MzE=-72\">filmes<img decoding=\"async\" class=\"bbic\" src=\"http:\/\/boo-box.com\/bbli\" alt=\"[bb]\" \/><\/a> que recomendo que assistam, se n\u00e3o tiverem, usem os links para comprar e ajudar o site.<\/p>\n<p><!-- LOMADEE - BEGIN --><\/p>\n<div style=\"width:468px;height:60px;overflow:hidden;\"><script type=\"text\/javascript\" language=\"javascript\" >lmd_source=\"23691301\";lmd_si=\"33547047\";lmd_pu=\"22500865\";lmd_c=\"BR\";lmd_wi=\"468\";lmd_he=\"60\";<\/script><script src=\"http:\/\/image.lomadee.com\/js\/ad_lomadee.js\" type=\"text\/javascript\" language=\"javascript\"><\/script><a href=\"http:\/\/www.lomadee.com\/\" style=\"font-size:10px;\"><\/p>\n<div align=\"right\">Lomadee, uma nova esp\u00e9cie na web. A maior plataforma de afiliados da Am\u00e9rica Latina.<\/div>\n<p><\/a><\/div>\n<p><!-- LOMADEE - END --><\/p>\n<p>&nbsp;<\/p>\n<table>\n<tbody>\n<tr>\n<td><a href=\"http:\/\/www.handersonfrota.com.br\/trincheira\/wp-content\/uploads\/2011\/12\/bandofbrothers.jpg\" target=\"_blank\"><img loading=\"lazy\" decoding=\"async\" title=\"bandofbrothers\" src=\"http:\/\/www.handersonfrota.com.br\/trincheira\/wp-content\/uploads\/2011\/12\/bandofbrothers-195x300.jpg\" alt=\"\" width=\"195\" height=\"300\" \/><\/a><\/td>\n<td><a href=\"http:\/\/www.handersonfrota.com.br\/trincheira\/wp-content\/uploads\/2011\/12\/thpacific.jpg\"><img loading=\"lazy\" decoding=\"async\" class=\"alignleft size-medium wp-image-359\" title=\"thpacific\" src=\"http:\/\/www.handersonfrota.com.br\/trincheira\/wp-content\/uploads\/2011\/12\/thpacific-202x300.jpg\" alt=\"\" width=\"202\" height=\"300\" srcset=\"https:\/\/www.handersonfrota.com.br\/trincheira\/wp-content\/uploads\/2011\/12\/thpacific-202x300.jpg 202w, https:\/\/www.handersonfrota.com.br\/trincheira\/wp-content\/uploads\/2011\/12\/thpacific.jpg 214w\" sizes=\"auto, (max-width: 202px) 100vw, 202px\" \/><\/a><\/td>\n<\/tr>\n<tr>\n<td style=\"text-align: center;\">\u00a0Band Of Brothers(2001)\u00a0&#8211;\u00a0<a href=\"http:\/\/www.imdb.com\/title\/tt0185906\/\" target=\"_blank\">IMDB<\/a><br \/>\n<a href=\"http:\/\/www.livrariasaraiva.com.br\/produto\/3097432\/band-of-brothers-6-dvds-dvd4\/?PAC_ID=30393\" target=\"_blank\"> Comprar<\/a><\/td>\n<td>\n<p style=\"text-align: center;\">The Pacific(2010) &#8211; <a href=\"http:\/\/www.imdb.com\/title\/tt0374463\/\" target=\"_blank\">IMDB<\/a><br \/>\n<a href=\"http:\/\/www.livrariasaraiva.com.br\/produto\/3097436\/the-pacific-lata-com-6-dvds-dvd4\/?PAC_ID=30393\" target=\"_blank\"> Comprar<\/a><\/p>\n<\/td>\n<\/tr>\n<\/tbody>\n<\/table>\n<p>&nbsp;<\/p>\n<p>&nbsp;<\/p>\n<table>\n<tbody>\n<tr>\n<td><a href=\"http:\/\/www.handersonfrota.com.br\/trincheira\/wp-content\/uploads\/2011\/12\/orota.jpg\"><img loading=\"lazy\" decoding=\"async\" style=\"border-style: initial; border-color: initial;\" title=\"orota\" src=\"http:\/\/www.handersonfrota.com.br\/trincheira\/wp-content\/uploads\/2011\/12\/orota-202x300.jpg\" alt=\"\" width=\"202\" height=\"300\" \/><\/a><\/td>\n<td><img loading=\"lazy\" decoding=\"async\" class=\"alignleft size-medium wp-image-361\" title=\"baraovermelho\" src=\"http:\/\/www.handersonfrota.com.br\/trincheira\/wp-content\/uploads\/2011\/12\/baraovermelho-202x300.jpg\" alt=\"\" width=\"202\" height=\"300\" srcset=\"https:\/\/www.handersonfrota.com.br\/trincheira\/wp-content\/uploads\/2011\/12\/baraovermelho-202x300.jpg 202w, https:\/\/www.handersonfrota.com.br\/trincheira\/wp-content\/uploads\/2011\/12\/baraovermelho.jpg 214w\" sizes=\"auto, (max-width: 202px) 100vw, 202px\" \/><\/td>\n<\/tr>\n<tr>\n<td style=\"text-align: center;\">9\u00ba Pelot\u00e3o(2005) &#8211;\u00a0<a href=\"http:\/\/www.imdb.com\/title\/tt0417397\/\" target=\"_blank\">IMDB<\/a><br \/>\n<a href=\"http:\/\/www.livrariasaraiva.com.br\/produto\/2644859\/9-pelotao-compra-(download)\/?PAC_ID=30393\" target=\"_blank\"> Comprar<\/a><\/td>\n<td style=\"text-align: center;\">O Bar\u00e3o Vermelho(2008) &#8211;\u00a0<a href=\"http:\/\/www.imdb.com\/title\/tt0365675\/\" target=\"_blank\">IMDB<\/a><br \/>\n<a href=\"http:\/\/www.livrariasaraiva.com.br\/produto\/3163488\/o-barao-vermelho-dvd4\/?PAC_ID=30393\" target=\"_blank\"> Comprar<\/a><\/td>\n<\/tr>\n<\/tbody>\n<\/table>\n<p>&nbsp;<\/p>\n<p>&nbsp;<\/p>\n<table>\n<tbody>\n<tr>\n<td><a href=\"http:\/\/www.handersonfrota.com.br\/trincheira\/wp-content\/uploads\/2011\/12\/imperiodosol.jpg\"><img loading=\"lazy\" decoding=\"async\" class=\"alignleft size-medium wp-image-363\" title=\"imperiodosol\" src=\"http:\/\/www.handersonfrota.com.br\/trincheira\/wp-content\/uploads\/2011\/12\/imperiodosol-202x300.jpg\" alt=\"\" width=\"202\" height=\"300\" srcset=\"https:\/\/www.handersonfrota.com.br\/trincheira\/wp-content\/uploads\/2011\/12\/imperiodosol-202x300.jpg 202w, https:\/\/www.handersonfrota.com.br\/trincheira\/wp-content\/uploads\/2011\/12\/imperiodosol.jpg 214w\" sizes=\"auto, (max-width: 202px) 100vw, 202px\" \/><\/a><\/td>\n<td><a href=\"http:\/\/www.handersonfrota.com.br\/trincheira\/wp-content\/uploads\/2011\/12\/listadeSchindle.jpg\"><img loading=\"lazy\" decoding=\"async\" class=\"alignleft size-medium wp-image-364\" title=\"listadeSchindle\" src=\"http:\/\/www.handersonfrota.com.br\/trincheira\/wp-content\/uploads\/2011\/12\/listadeSchindle-202x300.jpg\" alt=\"\" width=\"202\" height=\"300\" srcset=\"https:\/\/www.handersonfrota.com.br\/trincheira\/wp-content\/uploads\/2011\/12\/listadeSchindle-202x300.jpg 202w, https:\/\/www.handersonfrota.com.br\/trincheira\/wp-content\/uploads\/2011\/12\/listadeSchindle.jpg 214w\" sizes=\"auto, (max-width: 202px) 100vw, 202px\" \/><\/a><\/td>\n<\/tr>\n<tr>\n<td style=\"text-align: center;\">\u00a0Imperio do Sol(1987) &#8211;\u00a0<a href=\"http:\/\/www.imdb.com\/title\/tt0092965\/\" target=\"_blank\">IMDB<\/a><br \/>\n<a href=\"http:\/\/www.livrariasaraiva.com.br\/produto\/3095391\/imperio-do-sol-premium-edition-2-dvds-dvd4\/?PAC_ID=30393\" target=\"_blank\"> Comprar<\/a><\/td>\n<td style=\"text-align: center;\">\u00a0A Lista de Schindler(1993) &#8211; <a href=\"http:\/\/www.imdb.com\/title\/tt0108052\/\" target=\"_blank\">IMDB<\/a><br \/>\n<a href=\"http:\/\/www.livrariasaraiva.com.br\/produto\/148881\/a-lista-de-schindler-2-dvds-dvd4\/?PAC_ID=30393\" target=\"_blank\"> Comprar<\/a><\/td>\n<\/tr>\n<\/tbody>\n<\/table>\n<p>&nbsp;<\/p>\n<p>&nbsp;<\/p>\n<table>\n<tbody>\n<tr>\n<td><a href=\"http:\/\/www.handersonfrota.com.br\/trincheira\/wp-content\/uploads\/2011\/12\/ryan.jpg\"><img loading=\"lazy\" decoding=\"async\" class=\"alignleft size-medium wp-image-369\" title=\"ryan\" src=\"http:\/\/www.handersonfrota.com.br\/trincheira\/wp-content\/uploads\/2011\/12\/ryan-202x300.jpg\" alt=\"\" width=\"202\" height=\"300\" srcset=\"https:\/\/www.handersonfrota.com.br\/trincheira\/wp-content\/uploads\/2011\/12\/ryan-202x300.jpg 202w, https:\/\/www.handersonfrota.com.br\/trincheira\/wp-content\/uploads\/2011\/12\/ryan.jpg 214w\" sizes=\"auto, (max-width: 202px) 100vw, 202px\" \/><\/a><\/td>\n<td><a href=\"http:\/\/www.handersonfrota.com.br\/trincheira\/wp-content\/uploads\/2011\/12\/circulo.jpg\"><img loading=\"lazy\" decoding=\"async\" class=\"alignleft size-medium wp-image-370\" title=\"circulo\" src=\"http:\/\/www.handersonfrota.com.br\/trincheira\/wp-content\/uploads\/2011\/12\/circulo-202x300.jpg\" alt=\"\" width=\"202\" height=\"300\" srcset=\"https:\/\/www.handersonfrota.com.br\/trincheira\/wp-content\/uploads\/2011\/12\/circulo-202x300.jpg 202w, https:\/\/www.handersonfrota.com.br\/trincheira\/wp-content\/uploads\/2011\/12\/circulo.jpg 214w\" sizes=\"auto, (max-width: 202px) 100vw, 202px\" \/><\/a><\/td>\n<\/tr>\n<tr>\n<td style=\"text-align: center;\">O Resgate do Soldado Ryan(1998) &#8211;\u00a0<a href=\"http:\/\/www.imdb.com\/title\/tt0120815\/\" target=\"_blank\">IMDB<\/a><br \/>\n<a href=\"http:\/\/www.livrariasaraiva.com.br\/produto\/2850328\/o-resgate-do-soldado-ryan-edicao-especial-2-dvds-dvd4\/?PAC_ID=30393\" target=\"_blank\"> Comprar<\/a><\/td>\n<td style=\"text-align: center;\">\u00a0C\u00edrculo do Fogo(2001) &#8211; <a href=\"http:\/\/www.imdb.com\/title\/tt0215750\/\" target=\"_blank\">IMDB<\/a><br \/>\n<a href=\"http:\/\/www.livrariasaraiva.com.br\/produto\/660416\/enemy-at-the-gates\/?PAC_ID=30393\" target=\"_blank\"> Comprar<\/a><\/td>\n<\/tr>\n<\/tbody>\n<\/table>\n<p>&nbsp;<\/p>\n<p>&nbsp;<\/p>\n<p>&nbsp;<\/p>\n<table>\n<tbody>\n<tr>\n<td><a href=\"http:\/\/www.handersonfrota.com.br\/trincheira\/wp-content\/uploads\/2011\/12\/umaponte.jpg\"><img loading=\"lazy\" decoding=\"async\" class=\"alignleft size-medium wp-image-371\" title=\"umaponte\" src=\"http:\/\/www.handersonfrota.com.br\/trincheira\/wp-content\/uploads\/2011\/12\/umaponte-199x300.jpg\" alt=\"\" width=\"199\" height=\"300\" srcset=\"https:\/\/www.handersonfrota.com.br\/trincheira\/wp-content\/uploads\/2011\/12\/umaponte-199x300.jpg 199w, https:\/\/www.handersonfrota.com.br\/trincheira\/wp-content\/uploads\/2011\/12\/umaponte.jpg 211w\" sizes=\"auto, (max-width: 199px) 100vw, 199px\" \/><\/a><\/td>\n<td><a href=\"http:\/\/www.handersonfrota.com.br\/trincheira\/wp-content\/uploads\/2011\/12\/vidabela.jpg\"><img loading=\"lazy\" decoding=\"async\" class=\"alignleft size-medium wp-image-372\" title=\"vidabela\" src=\"http:\/\/www.handersonfrota.com.br\/trincheira\/wp-content\/uploads\/2011\/12\/vidabela-202x300.jpg\" alt=\"\" width=\"202\" height=\"300\" srcset=\"https:\/\/www.handersonfrota.com.br\/trincheira\/wp-content\/uploads\/2011\/12\/vidabela-202x300.jpg 202w, https:\/\/www.handersonfrota.com.br\/trincheira\/wp-content\/uploads\/2011\/12\/vidabela.jpg 214w\" sizes=\"auto, (max-width: 202px) 100vw, 202px\" \/><\/a><\/td>\n<\/tr>\n<tr>\n<td style=\"text-align: center;\">Uma Ponte Longe Demais(1977) &#8211;\u00a0<a href=\"http:\/\/www.imdb.com\/title\/tt0075784\/\" target=\"_blank\">IMDB<\/a><br \/>\n<a href=\"http:\/\/www.livrariasaraiva.com.br\/produto\/133077\/uma-ponte-longe-demais-dvd4\/?PAC_ID=30393\" target=\"_blank\"> Comprar<\/a><\/td>\n<td style=\"text-align: center;\">A Vida \u00e9 Bela(1997) &#8211; <a href=\"http:\/\/www.imdb.com\/title\/tt0118799\/\" target=\"_blank\">IMDB<\/a><br \/>\n<a href=\"http:\/\/www.livrariasaraiva.com.br\/produto\/652547\/a-vida-e-bela-dvd4\/?PAC_ID=30393\" target=\"_blank\"> Comprar<\/a><\/td>\n<\/tr>\n<\/tbody>\n<\/table>\n<p>&nbsp;<\/p>\n<p>&nbsp;<\/p>\n<table>\n<tbody>\n<tr>\n<td><a href=\"http:\/\/www.handersonfrota.com.br\/trincheira\/wp-content\/uploads\/2011\/12\/grandeataque.jpg\"><img loading=\"lazy\" decoding=\"async\" class=\"alignleft size-medium wp-image-375\" title=\"grandeataque\" src=\"http:\/\/www.handersonfrota.com.br\/trincheira\/wp-content\/uploads\/2011\/12\/grandeataque-202x300.jpg\" alt=\"\" width=\"202\" height=\"300\" srcset=\"https:\/\/www.handersonfrota.com.br\/trincheira\/wp-content\/uploads\/2011\/12\/grandeataque-202x300.jpg 202w, https:\/\/www.handersonfrota.com.br\/trincheira\/wp-content\/uploads\/2011\/12\/grandeataque.jpg 214w\" sizes=\"auto, (max-width: 202px) 100vw, 202px\" \/><\/a><\/td>\n<td><a href=\"http:\/\/www.handersonfrota.com.br\/trincheira\/wp-content\/uploads\/2011\/12\/indigenes.jpg\"><img loading=\"lazy\" decoding=\"async\" class=\"alignleft size-medium wp-image-376\" title=\"indigenes\" src=\"http:\/\/www.handersonfrota.com.br\/trincheira\/wp-content\/uploads\/2011\/12\/indigenes-200x300.jpg\" alt=\"\" width=\"200\" height=\"300\" srcset=\"https:\/\/www.handersonfrota.com.br\/trincheira\/wp-content\/uploads\/2011\/12\/indigenes-200x300.jpg 200w, https:\/\/www.handersonfrota.com.br\/trincheira\/wp-content\/uploads\/2011\/12\/indigenes.jpg 212w\" sizes=\"auto, (max-width: 200px) 100vw, 200px\" \/><\/a><\/td>\n<\/tr>\n<tr>\n<td style=\"text-align: center;\">O Grande Ataque(2005) &#8211;\u00a0<a href=\"http:\/\/www.imdb.com\/title\/tt0326905\/\" target=\"_blank\">IMDB<\/a><br \/>\n<a href=\"http:\/\/www.livrariasaraiva.com.br\/produto\/979412\/the-great-raid\/?PAC_ID=30393\" target=\"_blank\"> Comprar<\/a><\/td>\n<td style=\"text-align: center;\">Indig\u00e8nes(2006) &#8211; <a href=\"http:\/\/www.imdb.com\/title\/tt0444182\/\" target=\"_blank\">IMDB<\/a><br \/>\nComprar<\/td>\n<\/tr>\n<\/tbody>\n<\/table>\n<p>&nbsp;<\/p>\n<p>&nbsp;<\/p>\n<table>\n<tbody>\n<tr>\n<td><a href=\"http:\/\/www.handersonfrota.com.br\/trincheira\/wp-content\/uploads\/2011\/12\/cartas.jpg\"><img loading=\"lazy\" decoding=\"async\" class=\"alignleft size-medium wp-image-378\" title=\"cartas\" src=\"http:\/\/www.handersonfrota.com.br\/trincheira\/wp-content\/uploads\/2011\/12\/cartas-202x300.jpg\" alt=\"\" width=\"202\" height=\"300\" srcset=\"https:\/\/www.handersonfrota.com.br\/trincheira\/wp-content\/uploads\/2011\/12\/cartas-202x300.jpg 202w, https:\/\/www.handersonfrota.com.br\/trincheira\/wp-content\/uploads\/2011\/12\/cartas.jpg 214w\" sizes=\"auto, (max-width: 202px) 100vw, 202px\" \/><\/a><\/td>\n<td><a href=\"http:\/\/www.handersonfrota.com.br\/trincheira\/wp-content\/uploads\/2011\/12\/MacArthur.jpg\"><img loading=\"lazy\" decoding=\"async\" class=\"alignleft size-medium wp-image-379\" title=\"MacArthur\" src=\"http:\/\/www.handersonfrota.com.br\/trincheira\/wp-content\/uploads\/2011\/12\/MacArthur-202x300.jpg\" alt=\"\" width=\"202\" height=\"300\" srcset=\"https:\/\/www.handersonfrota.com.br\/trincheira\/wp-content\/uploads\/2011\/12\/MacArthur-202x300.jpg 202w, https:\/\/www.handersonfrota.com.br\/trincheira\/wp-content\/uploads\/2011\/12\/MacArthur.jpg 214w\" sizes=\"auto, (max-width: 202px) 100vw, 202px\" \/><\/a><\/td>\n<\/tr>\n<tr>\n<td style=\"text-align: center;\">Cartas de Iwo Jima(2006) &#8211;\u00a0<a href=\"http:\/\/www.imdb.com\/title\/tt0498380\/\" target=\"_blank\">IMDB<\/a><br \/>\n<a href=\"http:\/\/www.livrariasaraiva.com.br\/produto\/1969468\/cartas-de-iwo-jima-dvd4\/?PAC_ID=30393\" target=\"_blank\"> Comprar<\/a><\/td>\n<td style=\"text-align: center;\">MacArthur(1977) &#8211; <a href=\"http:\/\/www.imdb.com\/title\/tt0076342\/\" target=\"_blank\">IMDB<\/a><br \/>\n<a href=\"http:\/\/www.livrariasaraiva.com.br\/produto\/2636525\/macarthur-dvd4\/?PAC_ID=30393\" target=\"_blank\"> Comprar<\/a><\/td>\n<\/tr>\n<\/tbody>\n<\/table>\n<p>&nbsp;<\/p>\n<p>&nbsp;<\/p>\n<table>\n<tbody>\n<tr>\n<td><a href=\"http:\/\/www.handersonfrota.com.br\/trincheira\/wp-content\/uploads\/2011\/12\/tora.jpg\"><img loading=\"lazy\" decoding=\"async\" class=\"alignleft size-medium wp-image-381\" title=\"tora\" src=\"http:\/\/www.handersonfrota.com.br\/trincheira\/wp-content\/uploads\/2011\/12\/tora-162x300.jpg\" alt=\"\" width=\"162\" height=\"300\" srcset=\"https:\/\/www.handersonfrota.com.br\/trincheira\/wp-content\/uploads\/2011\/12\/tora-162x300.jpg 162w, https:\/\/www.handersonfrota.com.br\/trincheira\/wp-content\/uploads\/2011\/12\/tora.jpg 172w\" sizes=\"auto, (max-width: 162px) 100vw, 162px\" \/><\/a><\/td>\n<td><a href=\"http:\/\/www.handersonfrota.com.br\/trincheira\/wp-content\/uploads\/2011\/12\/defiance.jpg\"><img loading=\"lazy\" decoding=\"async\" class=\"alignleft size-medium wp-image-382\" title=\"defiance\" src=\"http:\/\/www.handersonfrota.com.br\/trincheira\/wp-content\/uploads\/2011\/12\/defiance-202x300.jpg\" alt=\"\" width=\"202\" height=\"300\" srcset=\"https:\/\/www.handersonfrota.com.br\/trincheira\/wp-content\/uploads\/2011\/12\/defiance-202x300.jpg 202w, https:\/\/www.handersonfrota.com.br\/trincheira\/wp-content\/uploads\/2011\/12\/defiance.jpg 214w\" sizes=\"auto, (max-width: 202px) 100vw, 202px\" \/><\/a><\/td>\n<\/tr>\n<tr>\n<td style=\"text-align: center;\">Tora!Tora!Tora!(1970) &#8211;\u00a0<a href=\"http:\/\/www.imdb.com\/title\/tt0066473\/\" target=\"_blank\">IMDB<\/a><br \/>\n<a href=\"http:\/\/www.livrariasaraiva.com.br\/produto\/2526045\/cinema-reserve-tora!-tora!-tora!-2-dvds-dvd4\/?PAC_ID=30393\" target=\"_blank\"> Comprar<\/a><\/td>\n<td style=\"text-align: center;\">Um Ato de Libedade(2008) &#8211; <a href=\"http:\/\/www.imdb.com\/title\/tt1034303\/\" target=\"_blank\">IMDB<\/a><br \/>\n<a href=\"http:\/\/www.livrariasaraiva.com.br\/produto\/2848160\/um-ato-de-liberdade-dvd4\/?PAC_ID=30393\" target=\"_blank\"> Comprar<\/a><\/td>\n<\/tr>\n<\/tbody>\n<\/table>\n<p>&nbsp;<\/p>\n<p>&nbsp;<\/p>\n<table>\n<tbody>\n<tr>\n<td><a href=\"http:\/\/www.handersonfrota.com.br\/trincheira\/wp-content\/uploads\/2011\/12\/pelotaoelite.jpg\"><img loading=\"lazy\" decoding=\"async\" class=\"alignleft size-medium wp-image-386\" title=\"pelotaoelite\" src=\"http:\/\/www.handersonfrota.com.br\/trincheira\/wp-content\/uploads\/2011\/12\/pelotaoelite-202x300.jpg\" alt=\"\" width=\"202\" height=\"300\" srcset=\"https:\/\/www.handersonfrota.com.br\/trincheira\/wp-content\/uploads\/2011\/12\/pelotaoelite-202x300.jpg 202w, https:\/\/www.handersonfrota.com.br\/trincheira\/wp-content\/uploads\/2011\/12\/pelotaoelite.jpg 214w\" sizes=\"auto, (max-width: 202px) 100vw, 202px\" \/><\/a><\/td>\n<td><\/td>\n<\/tr>\n<tr>\n<td style=\"text-align: center;\">Pelot\u00e3o de Elite(2010) &#8211;\u00a0<a href=\"http:\/\/www.imdb.com\/title\/tt1418646\/\" target=\"_blank\">IMDB<\/a><br \/>\nComprar<\/td>\n<td style=\"text-align: center;\">.<\/td>\n<\/tr>\n<\/tbody>\n<\/table>\n<p>&nbsp;<\/p>\n<p>&nbsp;<\/p>\n<p>&nbsp;<\/p>\n","protected":false},"excerpt":{"rendered":"<p>Alguns filmes que recomendo que assistam, se n\u00e3o tiverem, usem os links para comprar e ajudar o site. Lomadee, uma nova esp\u00e9cie na web. A maior plataforma de afiliados da Am\u00e9rica Latina. &nbsp; \u00a0Band Of Brothers(2001)\u00a0&#8211;\u00a0IMDB Comprar The Pacific(2010) &#8211; IMDB Comprar &nbsp; &nbsp; 9\u00ba Pelot\u00e3o(2005) &#8211;\u00a0IMDB Comprar O Bar\u00e3o Vermelho(2008) &#8211;\u00a0IMDB Comprar &nbsp; &nbsp; [&hellip;]<\/p>\n","protected":false},"author":2,"featured_media":0,"parent":0,"menu_order":0,"comment_status":"open","ping_status":"open","template":"","meta":{"footnotes":""},"class_list":["post-355","page","type-page","status-publish","hentry"],"_links":{"self":[{"href":"https:\/\/www.handersonfrota.com.br\/trincheira\/wp-json\/wp\/v2\/pages\/355","targetHints":{"allow":["GET"]}}],"collection":[{"href":"https:\/\/www.handersonfrota.com.br\/trincheira\/wp-json\/wp\/v2\/pages"}],"about":[{"href":"https:\/\/www.handersonfrota.com.br\/trincheira\/wp-json\/wp\/v2\/types\/page"}],"author":[{"embeddable":true,"href":"https:\/\/www.handersonfrota.com.br\/trincheira\/wp-json\/wp\/v2\/users\/2"}],"replies":[{"embeddable":true,"href":"https:\/\/www.handersonfrota.com.br\/trincheira\/wp-json\/wp\/v2\/comments?post=355"}],"version-history":[{"count":41,"href":"https:\/\/www.handersonfrota.com.br\/trincheira\/wp-json\/wp\/v2\/pages\/355\/revisions"}],"predecessor-version":[{"id":415,"href":"https:\/\/www.handersonfrota.com.br\/trincheira\/wp-json\/wp\/v2\/pages\/355\/revisions\/415"}],"wp:attachment":[{"href":"https:\/\/www.handersonfrota.com.br\/trincheira\/wp-json\/wp\/v2\/media?parent=355"}],"curies":[{"name":"wp","href":"https:\/\/api.w.org\/{rel}","templated":true}]}}