{"id":2,"date":"2008-07-19T11:28:27","date_gmt":"2008-07-19T18:28:27","guid":{"rendered":"http:\/\/www.handersonfrota.com.br\/trincheira\/?page_id=2"},"modified":"2010-10-20T15:46:30","modified_gmt":"2010-10-20T22:46:30","slug":"sobre","status":"publish","type":"page","link":"https:\/\/www.handersonfrota.com.br\/trincheira\/sobre\/","title":{"rendered":"Sobre"},"content":{"rendered":"<p style=\"text-align: justify;\">A id\u00e9ia deste site \u00e9 de compartilhar conhecimento ligado \u00e0s duas Grandes Guerras Mundiais de uma maneira bem diferente e um pouco mais din\u00e2mica e did\u00e1tica.<\/p>\n<p style=\"text-align: justify;\">N\u00e3o tenho a inten\u00e7\u00e3o de exaltar essa carnificina, pois todos n\u00f3s sabemos que a guerra s\u00f3 trouxe sofrimento e destrui\u00e7\u00e3o para ambos os lados. N\u00e3o existem ganhadores, apenas destrui\u00e7\u00e3o.<\/p>\n<p style=\"text-align: justify;\">Apesar de ser uma parte negra da hist\u00f3ria da humanidade, quero com esse site deixar essa mem\u00f3ria viva para que possamos entender de fato que nenhuma guerra \u00e9 boa ou justific\u00e1vel.<\/p>\n<p style=\"text-align: justify;\">A minha \u201cadmira\u00e7\u00e3o\u201d por essas guerras, n\u00e3o \u00e9 de fato pela guerra em si, e sim pelos soldados que deram suas vidas pela liberdade de seu povo ou pa\u00eds.<\/p>\n<p style=\"text-align: justify;\">Tenham uma boa leitura.<\/p>\n<p style=\"text-align: justify;\">Handerson Frota.<\/p>\n<p style=\"text-align: justify;\">\n<blockquote>\n<p style=\"text-align: justify;\">\u201cSomente aqueles que nunca deram um tiro, nem ouviram os gritos e os gemidos dos feridos, \u00e9 que clamam por sangue, vingan\u00e7a e mais desola\u00e7\u00e3o. A guerra \u00e9 o inferno.\u201d<br \/>\n( Gen. William T. Sherman )<\/p>\n<\/blockquote>\n","protected":false},"excerpt":{"rendered":"<p>A id\u00e9ia deste site \u00e9 de compartilhar conhecimento ligado \u00e0s duas Grandes Guerras Mundiais de uma maneira bem diferente e um pouco mais din\u00e2mica e did\u00e1tica. N\u00e3o tenho a inten\u00e7\u00e3o de exaltar essa carnificina, pois todos n\u00f3s sabemos que a guerra s\u00f3 trouxe sofrimento e destrui\u00e7\u00e3o para ambos os lados. N\u00e3o existem ganhadores, apenas destrui\u00e7\u00e3o. [&hellip;]<\/p>\n","protected":false},"author":2,"featured_media":0,"parent":0,"menu_order":0,"comment_status":"open","ping_status":"open","template":"","meta":{"footnotes":""},"class_list":["post-2","page","type-page","status-publish","hentry"],"_links":{"self":[{"href":"https:\/\/www.handersonfrota.com.br\/trincheira\/wp-json\/wp\/v2\/pages\/2","targetHints":{"allow":["GET"]}}],"collection":[{"href":"https:\/\/www.handersonfrota.com.br\/trincheira\/wp-json\/wp\/v2\/pages"}],"about":[{"href":"https:\/\/www.handersonfrota.com.br\/trincheira\/wp-json\/wp\/v2\/types\/page"}],"author":[{"embeddable":true,"href":"https:\/\/www.handersonfrota.com.br\/trincheira\/wp-json\/wp\/v2\/users\/2"}],"replies":[{"embeddable":true,"href":"https:\/\/www.handersonfrota.com.br\/trincheira\/wp-json\/wp\/v2\/comments?post=2"}],"version-history":[{"count":7,"href":"https:\/\/www.handersonfrota.com.br\/trincheira\/wp-json\/wp\/v2\/pages\/2\/revisions"}],"predecessor-version":[{"id":276,"href":"https:\/\/www.handersonfrota.com.br\/trincheira\/wp-json\/wp\/v2\/pages\/2\/revisions\/276"}],"wp:attachment":[{"href":"https:\/\/www.handersonfrota.com.br\/trincheira\/wp-json\/wp\/v2\/media?parent=2"}],"curies":[{"name":"wp","href":"https:\/\/api.w.org\/{rel}","templated":true}]}}